{"id":1769,"date":"2022-01-13T14:28:25","date_gmt":"2022-01-13T07:28:25","guid":{"rendered":"http:\/\/nnvhhanquoc.ufl.udn.vn\/?page_id=1769"},"modified":"2023-07-03T10:38:23","modified_gmt":"2023-07-03T03:38:23","slug":"chuan-dau-ra-ctdt","status":"publish","type":"page","link":"https:\/\/nnvhhanquoc.ufl.udn.vn\/?page_id=1769","title":{"rendered":"Chu\u1ea9n \u0111\u1ea7u ra CT\u0110T"},"content":{"rendered":"\n<p>NG\u00c0NH NG\u00d4N NG\u1eee H\u00c0N QU\u1ed0C (\u0110\u1ea0I TR\u00c0)<\/p>\n\n\n\n<p>Ng\u01b0\u1eddi h\u1ecdc t\u1ed1t nghi\u1ec7p CT\u0110T tr\u00ecnh \u0111\u1ed9 \u0111\u1ea1i h\u1ecdc ng\u00e0nh Ng\u00f4n ng\u1eef H\u00e0n Qu\u1ed1c t\u1ea1i Tr\u01b0\u1eddng \u0110\u1ea1i h\u1ecdc Ngo\u1ea1i ng\u1eef &#8211; \u0110\u1ea1i h\u1ecdc \u0110\u00e0 N\u1eb5ng \u0111\u00e1p \u1ee9ng y\u00eau c\u1ea7u chu\u1ea9n \u0111\u1ea7u ra B\u1eadc 6 theo Khung tr\u00ecnh \u0111\u1ed9 qu\u1ed1c gia Vi\u1ec7t Nam. Sau khi t\u1ed1t nghi\u1ec7p ng\u00e0nh Ng\u00f4n ng\u1eef H\u00e0n Qu\u1ed1c,&nbsp; ng\u01b0\u1eddi h\u1ecdc c\u00f3 kh\u1ea3 n\u0103ng:<\/p>\n\n\n\n<figure class=\"wp-block-image size-large\"><img loading=\"lazy\" decoding=\"async\" width=\"638\" height=\"278\" src=\"http:\/\/nnvhhanquoc.ufl.udn.vn\/wp-content\/uploads\/2022\/09\/image.png\" alt=\"\" class=\"wp-image-2459\" srcset=\"https:\/\/nnvhhanquoc.ufl.udn.vn\/wp-content\/uploads\/2022\/09\/image.png 638w, https:\/\/nnvhhanquoc.ufl.udn.vn\/wp-content\/uploads\/2022\/09\/image-300x131.png 300w\" sizes=\"(max-width: 638px) 100vw, 638px\" \/><\/figure>\n\n\n\n<figure class=\"wp-block-image size-large\"><img loading=\"lazy\" decoding=\"async\" width=\"637\" height=\"167\" src=\"http:\/\/nnvhhanquoc.ufl.udn.vn\/wp-content\/uploads\/2022\/09\/image-1.png\" alt=\"\" class=\"wp-image-2461\" srcset=\"https:\/\/nnvhhanquoc.ufl.udn.vn\/wp-content\/uploads\/2022\/09\/image-1.png 637w, https:\/\/nnvhhanquoc.ufl.udn.vn\/wp-content\/uploads\/2022\/09\/image-1-300x79.png 300w\" sizes=\"(max-width: 637px) 100vw, 637px\" \/><\/figure>\n\n\n\n<figure class=\"wp-block-image size-large\"><img loading=\"lazy\" decoding=\"async\" width=\"638\" height=\"308\" src=\"http:\/\/nnvhhanquoc.ufl.udn.vn\/wp-content\/uploads\/2022\/09\/image-2.png\" alt=\"\" class=\"wp-image-2462\" srcset=\"https:\/\/nnvhhanquoc.ufl.udn.vn\/wp-content\/uploads\/2022\/09\/image-2.png 638w, https:\/\/nnvhhanquoc.ufl.udn.vn\/wp-content\/uploads\/2022\/09\/image-2-300x145.png 300w\" sizes=\"(max-width: 638px) 100vw, 638px\" \/><\/figure>\n\n\n\n<figure class=\"wp-block-image size-large\"><img loading=\"lazy\" decoding=\"async\" width=\"635\" height=\"84\" src=\"http:\/\/nnvhhanquoc.ufl.udn.vn\/wp-content\/uploads\/2022\/09\/image-3.png\" alt=\"\" class=\"wp-image-2463\" srcset=\"https:\/\/nnvhhanquoc.ufl.udn.vn\/wp-content\/uploads\/2022\/09\/image-3.png 635w, https:\/\/nnvhhanquoc.ufl.udn.vn\/wp-content\/uploads\/2022\/09\/image-3-300x40.png 300w\" sizes=\"(max-width: 635px) 100vw, 635px\" \/><\/figure>\n\n\n\n<figure class=\"wp-block-image size-large\"><img loading=\"lazy\" decoding=\"async\" width=\"638\" height=\"288\" src=\"http:\/\/nnvhhanquoc.ufl.udn.vn\/wp-content\/uploads\/2022\/09\/image-4.png\" alt=\"\" class=\"wp-image-2464\" srcset=\"https:\/\/nnvhhanquoc.ufl.udn.vn\/wp-content\/uploads\/2022\/09\/image-4.png 638w, https:\/\/nnvhhanquoc.ufl.udn.vn\/wp-content\/uploads\/2022\/09\/image-4-300x135.png 300w\" sizes=\"(max-width: 638px) 100vw, 638px\" \/><\/figure>\n\n\n\n<figure class=\"wp-block-image size-large\"><img loading=\"lazy\" decoding=\"async\" width=\"638\" height=\"620\" src=\"http:\/\/nnvhhanquoc.ufl.udn.vn\/wp-content\/uploads\/2022\/09\/image-5.png\" alt=\"\" class=\"wp-image-2465\" srcset=\"https:\/\/nnvhhanquoc.ufl.udn.vn\/wp-content\/uploads\/2022\/09\/image-5.png 638w, https:\/\/nnvhhanquoc.ufl.udn.vn\/wp-content\/uploads\/2022\/09\/image-5-300x292.png 300w\" sizes=\"(max-width: 638px) 100vw, 638px\" \/><\/figure>\n\n\n\n<figure class=\"wp-block-image size-large\"><img loading=\"lazy\" decoding=\"async\" width=\"636\" height=\"83\" src=\"http:\/\/nnvhhanquoc.ufl.udn.vn\/wp-content\/uploads\/2022\/09\/image-6.png\" alt=\"\" class=\"wp-image-2466\" srcset=\"https:\/\/nnvhhanquoc.ufl.udn.vn\/wp-content\/uploads\/2022\/09\/image-6.png 636w, https:\/\/nnvhhanquoc.ufl.udn.vn\/wp-content\/uploads\/2022\/09\/image-6-300x39.png 300w\" sizes=\"(max-width: 636px) 100vw, 636px\" \/><\/figure>\n\n\n\n<figure class=\"wp-block-image size-large\"><img loading=\"lazy\" decoding=\"async\" width=\"639\" height=\"417\" src=\"http:\/\/nnvhhanquoc.ufl.udn.vn\/wp-content\/uploads\/2022\/09\/image-7.png\" alt=\"\" class=\"wp-image-2467\" srcset=\"https:\/\/nnvhhanquoc.ufl.udn.vn\/wp-content\/uploads\/2022\/09\/image-7.png 639w, https:\/\/nnvhhanquoc.ufl.udn.vn\/wp-content\/uploads\/2022\/09\/image-7-300x196.png 300w\" sizes=\"(max-width: 639px) 100vw, 639px\" \/><\/figure>\n\n\n\n<p>NG\u00c0NH NG\u00d4N NG\u1eee H\u00c0N QU\u1ed0C (CLC)<\/p>\n\n\n\n<div class=\"wp-block-file\"><a href=\"https:\/\/nnvhhanquoc.ufl.udn.vn\/wp-content\/uploads\/2023\/07\/Muc-tieu-CDR-CTCT-CLC-HQ-2019_0001-2.pdf\">Muc-tieu-CDR-CTCT-CLC-HQ-2019_0001-2<\/a><a href=\"https:\/\/nnvhhanquoc.ufl.udn.vn\/wp-content\/uploads\/2023\/07\/Muc-tieu-CDR-CTCT-CLC-HQ-2019_0001-2.pdf\" class=\"wp-block-file__button\" download>T\u1ea3i xu\u1ed1ng<\/a><\/div>\n\n\n\n<p><\/p>\n","protected":false},"excerpt":{"rendered":"<p>NG\u00c0NH NG\u00d4N NG\u1eee H\u00c0N QU\u1ed0C (\u0110\u1ea0I TR\u00c0) Ng\u01b0\u1eddi h\u1ecdc t\u1ed1t nghi\u1ec7p CT\u0110T tr\u00ecnh \u0111\u1ed9 \u0111\u1ea1i h\u1ecdc ng\u00e0nh Ng\u00f4n ng\u1eef H\u00e0n<\/p>\n","protected":false},"author":1,"featured_media":0,"parent":0,"menu_order":0,"comment_status":"closed","ping_status":"closed","template":"","meta":{"footnotes":""},"_links":{"self":[{"href":"https:\/\/nnvhhanquoc.ufl.udn.vn\/index.php?rest_route=\/wp\/v2\/pages\/1769"}],"collection":[{"href":"https:\/\/nnvhhanquoc.ufl.udn.vn\/index.php?rest_route=\/wp\/v2\/pages"}],"about":[{"href":"https:\/\/nnvhhanquoc.ufl.udn.vn\/index.php?rest_route=\/wp\/v2\/types\/page"}],"author":[{"embeddable":true,"href":"https:\/\/nnvhhanquoc.ufl.udn.vn\/index.php?rest_route=\/wp\/v2\/users\/1"}],"replies":[{"embeddable":true,"href":"https:\/\/nnvhhanquoc.ufl.udn.vn\/index.php?rest_route=%2Fwp%2Fv2%2Fcomments&post=1769"}],"version-history":[{"count":3,"href":"https:\/\/nnvhhanquoc.ufl.udn.vn\/index.php?rest_route=\/wp\/v2\/pages\/1769\/revisions"}],"predecessor-version":[{"id":2664,"href":"https:\/\/nnvhhanquoc.ufl.udn.vn\/index.php?rest_route=\/wp\/v2\/pages\/1769\/revisions\/2664"}],"wp:attachment":[{"href":"https:\/\/nnvhhanquoc.ufl.udn.vn\/index.php?rest_route=%2Fwp%2Fv2%2Fmedia&parent=1769"}],"curies":[{"name":"wp","href":"https:\/\/api.w.org\/{rel}","templated":true}]}}