{"id":1815,"date":"2022-01-13T14:56:26","date_gmt":"2022-01-13T07:56:26","guid":{"rendered":"http:\/\/nnvhhanquoc.ufl.udn.vn\/?page_id=1815"},"modified":"2022-11-30T10:40:50","modified_gmt":"2022-11-30T03:40:50","slug":"ky-thi-nang-luc-tieng-han-topik","status":"publish","type":"page","link":"https:\/\/nnvhhanquoc.ufl.udn.vn\/?page_id=1815","title":{"rendered":"K\u1ef3 thi n\u0103ng l\u1ef1c ti\u1ebfng H\u00e0n TOPIK"},"content":{"rendered":"\n<h2 class=\"wp-block-heading\">1. TOPIK  l\u00e0 g\u00ec?<\/h2>\n\n\n\n<div class=\"wp-block-image\"><figure class=\"aligncenter\"><a href=\"https:\/\/nv.edu.vn\/wp-content\/uploads\/2021\/08\/TOPIK-4-e1628320132481.jpg\"><img decoding=\"async\" src=\"https:\/\/nv.edu.vn\/wp-content\/uploads\/2021\/08\/TOPIK-4-e1628320132481.jpg\" alt=\"TOPIK l\u00e0 g\u00ec? B\u00e0i thi TOPIK g\u1ed3m m\u1ea5y ph\u1ea7n?\" class=\"wp-image-11526\"\/><\/a><\/figure><\/div>\n\n\n\n<p><strong>TOPIK<\/strong>\u00a0l\u00e0 vi\u1ebft t\u1eaft c\u1ee7a c\u1ee5m t\u1eeb Test of Proficiency in Korean, ti\u1ebfng H\u00e0n l\u00e0\u00a0<strong>\ud55c\uad6d\uc5b4\ub2a5\ub825\uc2dc\ud5d8<\/strong>. <strong>TOPIK (\ud55c\uad6d\uc5b4\ub2a5\ub825\uc2dc\ud5d8)<\/strong>\u00a0l\u00e0 k\u1ef3 thi n\u0103ng l\u1ef1c ti\u1ebfng H\u00e0n \u0111\u01b0\u1ee3c t\u1ed5 ch\u1ee9c h\u00e0ng n\u0103m b\u1edfi Vi\u1ec7n gi\u00e1o d\u1ee5c qu\u1ed1c t\u1ebf Qu\u1ed1c gia H\u00e0n Qu\u1ed1c. TOPIK \u0111\u01b0\u1ee3c d\u00f9ng \u0111\u1ec3 \u0111\u00e1nh gi\u00e1 tr\u00ecnh \u0111\u1ed9 c\u1ee7a ng\u01b0\u1eddi h\u1ecdc v\u00e0 s\u1eed d\u1ee5ng ti\u1ebfng H\u00e0n nh\u01b0 m\u1ed9t ngo\u1ea1i ng\u1eef th\u1ee9 hai. Ch\u1ee9ng ch\u1ec9 n\u00e0y \u0111\u00e1nh gi\u00e1 tr\u00ecnh \u0111\u1ed9 nghe, \u0111\u1ecdc, vi\u1ebft c\u1ee7a ng\u01b0\u1eddi h\u1ecdc ti\u1ebfng H\u00e0n. \u0110\u1ed1i t\u01b0\u1ee3ng thi bao g\u1ed3m ng\u01b0\u1eddi n\u01b0\u1edbc ngo\u00e0i, ki\u1ec1u b\u00e0o H\u00e0n Qu\u1ed1c, kh\u00f4ng \u00e1p d\u1ee5ng cho ng\u01b0\u1eddi b\u1ea3n x\u1ee9.<\/p>\n\n\n\n<h2 class=\"wp-block-heading\">2. C\u1ea5u tr\u00fac b\u00e0i thi TOPIK<\/h2>\n\n\n\n<div class=\"wp-block-image\"><figure class=\"aligncenter\"><a href=\"https:\/\/nv.edu.vn\/wp-content\/uploads\/2021\/08\/TOPIK-2-e1628320170673.png\"><img decoding=\"async\" src=\"https:\/\/nv.edu.vn\/wp-content\/uploads\/2021\/08\/TOPIK-2-e1628320170673.png\" alt=\"TOPIK l\u00e0 g\u00ec? B\u00e0i thi TOPIK g\u1ed3m m\u1ea5y ph\u1ea7n?\" class=\"wp-image-11524\"\/><\/a><\/figure><\/div>\n\n\n\n<p><strong>B\u00e0i thi TOPIK<\/strong>\u00a0c\u00f3 hai c\u1ea5p \u0111\u1ed9:\u00a0<strong>TOPIK I<\/strong>\u00a0v\u00e0\u00a0<strong>TOPIK II<\/strong>. TOPIK I t\u1ee9c l\u00e0 c\u1ea5p \u0111\u1ed9 m\u1edbi b\u1eaft \u0111\u1ea7u (beginner), chia th\u00e0nh hai c\u1ea5p \u0111\u1ed9 nh\u1ecf l\u00e0 1 v\u00e0 2. Trong khi TOPIK-II l\u00e0 c\u1ea5p \u0111\u1ed9 trung b\u00ecnh (intermediate) v\u00e0 n\u00e2ng cao (advanced), trong \u0111\u00f3 chia th\u00e0nh 4 c\u1ea5p \u0111\u1ed9 l\u00e0 3, 4, 5 v\u00e0 6. Ng\u01b0\u1eddi d\u1ef1 thi \u0111\u1ea1t c\u1ea5p \u0111\u1ed9 t\u1eeb 1 \u0111\u1ebfn 6 d\u1ef1a tr\u00ean t\u1ed5ng \u0111i\u1ec3m c\u1ee7a h\u1ecd trong b\u00e0i ki\u1ec3m tra.<\/p>\n\n\n\n<p><strong>3. Th\u00f4ng tin li\u00ean l\u1ea1c li\u00ean quan t\u1edbi \u0111i\u1ec3m thi TOPIK t\u1ea1i tr\u01b0\u1eddng \u0110\u1ea1i h\u1ecdc Ngo\u1ea1i ng\u1eef &#8211; \u0110\u1ea1i h\u1ecdc \u0110\u00e0 N\u1eb5ng<\/strong><\/p>\n\n\n\n<p>Facebook: https:\/\/www.facebook.com\/nganhtienghandhdn<\/p>\n\n\n\n<p>V\u0103n ph\u00f2ng: ph\u00f2ng B301, 131 L\u01b0\u01a1ng Nh\u1eef H\u1ed9c, C\u1ea9m L\u1ec7, \u0110\u00e0 N\u1eb5ng<\/p>\n\n\n\n<p>S\u1ed1 \u0111i\u1ec7n tho\u1ea1i: 0236.3699.334<\/p>\n","protected":false},"excerpt":{"rendered":"<p>1. TOPIK l\u00e0 g\u00ec? TOPIK\u00a0l\u00e0 vi\u1ebft t\u1eaft c\u1ee7a c\u1ee5m t\u1eeb Test of Proficiency in Korean, ti\u1ebfng H\u00e0n l\u00e0\u00a0\ud55c\uad6d\uc5b4\ub2a5\ub825\uc2dc\ud5d8. TOPIK (\ud55c\uad6d\uc5b4\ub2a5\ub825\uc2dc\ud5d8)\u00a0l\u00e0<\/p>\n","protected":false},"author":1,"featured_media":0,"parent":0,"menu_order":0,"comment_status":"closed","ping_status":"closed","template":"template-fullwidth.php","meta":{"footnotes":""},"_links":{"self":[{"href":"https:\/\/nnvhhanquoc.ufl.udn.vn\/index.php?rest_route=\/wp\/v2\/pages\/1815"}],"collection":[{"href":"https:\/\/nnvhhanquoc.ufl.udn.vn\/index.php?rest_route=\/wp\/v2\/pages"}],"about":[{"href":"https:\/\/nnvhhanquoc.ufl.udn.vn\/index.php?rest_route=\/wp\/v2\/types\/page"}],"author":[{"embeddable":true,"href":"https:\/\/nnvhhanquoc.ufl.udn.vn\/index.php?rest_route=\/wp\/v2\/users\/1"}],"replies":[{"embeddable":true,"href":"https:\/\/nnvhhanquoc.ufl.udn.vn\/index.php?rest_route=%2Fwp%2Fv2%2Fcomments&post=1815"}],"version-history":[{"count":3,"href":"https:\/\/nnvhhanquoc.ufl.udn.vn\/index.php?rest_route=\/wp\/v2\/pages\/1815\/revisions"}],"predecessor-version":[{"id":2492,"href":"https:\/\/nnvhhanquoc.ufl.udn.vn\/index.php?rest_route=\/wp\/v2\/pages\/1815\/revisions\/2492"}],"wp:attachment":[{"href":"https:\/\/nnvhhanquoc.ufl.udn.vn\/index.php?rest_route=%2Fwp%2Fv2%2Fmedia&parent=1815"}],"curies":[{"name":"wp","href":"https:\/\/api.w.org\/{rel}","templated":true}]}}