{"id":741,"date":"2021-03-29T09:52:36","date_gmt":"2021-03-29T02:52:36","guid":{"rendered":"http:\/\/nnvhhanquoc.ufl.udn.vn\/?page_id=741"},"modified":"2022-09-29T11:13:48","modified_gmt":"2022-09-29T04:13:48","slug":"ve-khoa-chung-toi","status":"publish","type":"page","link":"https:\/\/nnvhhanquoc.ufl.udn.vn\/?page_id=741","title":{"rendered":"V\u1ec1 Khoa ch\u00fang t\u00f4i"},"content":{"rendered":"\n<ul><li><strong>T\u1ed4NG QUAN<\/strong><\/li><\/ul>\n\n\n\n<p><strong>Th\u00f4ng tin li\u00ean h\u1ec7:&nbsp;<\/strong><strong><\/strong><\/p>\n\n\n\n<p>V\u0103n ph\u00f2ng<strong>:&nbsp;131 L\u01b0\u01a1ng Nh\u1eef H\u1ed9c&nbsp;&#8211; Qu\u1eadn C\u1ea9m L\u1ec7&nbsp;&#8211; Tp.&nbsp;\u0110\u00e0 N\u1eb5ng&nbsp;<\/strong><\/p>\n\n\n\n<p>\u0110i\u1ec7n tho\u1ea1i:<strong>\u00a0(+84). 236.\u00a0 3699334<\/strong><\/p>\n\n\n\n<p>Email:<strong>\u00a0khoannvhhanquoc@ac.udn.vn<\/strong><\/p>\n\n\n\n<p>Website<strong>:\u00a0nnvhhanquoc.ufl.udn.vn<\/strong><\/p>\n\n\n\n<p><strong>I.GI\u1edaI THI\u1ec6U CHUNG<\/strong>:<\/p>\n\n\n\n<p>K\u1ec3 t\u1eeb khi Vi\u1ec7t Nam v\u00e0 H\u00e0n Qu\u1ed1c ch\u00ednh th\u1ee9c thi\u1ebft l\u1eadp m\u1ed1i quan h\u1ec7 ngo\u1ea1i giao tr\u00ean to\u00e0n b\u1ed9 ph\u01b0\u01a1ng di\u1ec7n kinh t\u1ebf, x\u00e3 h\u1ed9i, ch\u00ednh tr\u1ecb, v\u0103n h\u00f3a, \u2026 \u0111\u1ebfn nay \u0111\u00e3 \u0111\u01b0\u1ee3c 30 n\u0103m (1992 &#8211; 2022), theo \u0111\u00f3 vi\u1ec7c gi\u00e1o d\u1ee5c ng\u00f4n ng\u1eef H\u00e0n Qu\u1ed1c v\u00e0 H\u00e0n Qu\u1ed1c h\u1ecdc c\u0169ng \u0111\u01b0\u1ee3c b\u1eaft \u0111\u1ea7u v\u00e0 ng\u00e0y c\u00e0ng ph\u00e1t tri\u1ec3n r\u1ed9ng r\u00e3i tr\u00ean to\u00e0n l\u00e3nh th\u1ed5 Vi\u1ec7t Nam t\u1eeb th\u1ee7 \u0111\u00f4 H\u00e0 N\u1ed9i \u0111\u1ebfn th\u00e0nh ph\u1ed1 H\u1ed3 Ch\u00ed Minh v\u00e0 khu v\u1ef1c mi\u1ec1n Trung T\u00e2y Nguy\u00ean. T\u1eeb nh\u1eefng ng\u00e0y \u0111\u1ea7u thi\u1ebft l\u1eadp quan h\u1ec7 ngo\u1ea1i giao v\u1edbi Vi\u1ec7t Nam cho \u0111\u1ebfn ng\u00e0y nay, H\u00e0n Qu\u1ed1c v\u1eabn \u0111\u01b0\u1ee3c nh\u00ecn nh\u1eadn l\u00e0 \u0111\u1ed1i t\u00e1c th\u01b0\u01a1ng m\u1ea1i quan tr\u1ecdng c\u1ee7a Vi\u1ec7t Nam n\u00f3i chung v\u00e0 khu v\u1ef1c mi\u1ec1n Trung &#8211; T\u00e2y Nguy\u00ean n\u00f3i ri\u00eang.<\/p>\n\n\n\n<p>Tuy nhi\u00ean, tr\u01b0\u1edbc n\u0103m 2004, \u1edf khu v\u1ef1c mi\u1ec1n Trung ch\u01b0a c\u00f3 m\u1ed9t tr\u01b0\u1eddng \u0111\u1ea1i h\u1ecdc, cao \u0111\u1eb3ng n\u00e0o \u0111\u00e0o t\u1ea1o ti\u1ebfng H\u00e0n, do \u0111\u00f3 tri\u1ec7t \u0111\u1ec3 ph\u00e1t huy m\u1ecdi ti\u1ec1m n\u0103ng c\u1ee7a m\u00ecnh, v\u1edbi n\u1ec1n t\u1ea3ng s\u1eb5n c\u00f3 v\u00e0 b\u1ed1i c\u1ea3nh ph\u00e1t tri\u1ec3n kinh t\u1ebf x\u00e3 h\u1ed9i c\u1ee7a khu v\u1ef1c mi\u1ec1n Trung, Ban gi\u00e1m hi\u1ec7u, H\u1ed9i \u0111\u1ed3ng Khoa h\u1ecdc &amp; \u0110\u00e0o t\u1ea1o Tr\u01b0\u1eddng \u0110\u1ea1i h\u1ecdc Ngo\u1ea1i Ng\u1eef-\u0110H\u0110N quy\u1ebft \u0111\u1ecbnh th\u00e0nh l\u1eadp T\u1ed5 vi\u1ebft \u0111\u1ec1 \u00e1n m\u1edf m\u00e3 ng\u00e0nh ti\u1ebfng H\u00e0n v\u00e0 ti\u1ebfng Th\u00e1i tr\u1ef1c thu\u1ed9c Ph\u00f2ng \u0110\u00e0o t\u1ea1o.&nbsp; Sau m\u1ed9t n\u0103m nghi\u00ean c\u1ee9u v\u00e0 ho\u00e0n th\u00e0nh, \u0111\u1ec1 \u00e1n m\u1edf m\u00e3 ng\u00e0nh ti\u1ebfng H\u00e0n \u0111\u01b0\u1ee3c th\u00f4ng qua \u1edf H\u1ed9i \u0111\u1ed3ng Khoa h\u1ecdc-\u0110\u00e0o t\u1ea1o Nh\u00e0 tr\u01b0\u1eddng, \u0111\u01b0\u1ee3c tr\u00ecnh Gi\u00e1m \u0111\u1ed1c \u0110\u1ea1i h\u1ecdc \u0110\u00e0 N\u1eb5ng v\u00e0 B\u1ed9 gi\u00e1o d\u1ee5c &amp; \u0110\u00e0o t\u1ea1o. Ng\u00e0y 28\/01\/2005, B\u1ed9 Gi\u00e1o d\u1ee5c &amp; \u0110\u00e0o t\u1ea1o \u0111\u00e3 ra Quy\u1ebft \u0111\u1ecbnh s\u1ed1 455\/Q\u0110-BGD&amp;\u0110T-\u0110H&amp;S\u0110H cho ph\u00e9p Tr\u01b0\u1eddng \u0110HNN-\u0110H\u0110N \u0111\u00e0o t\u1ea1o ng\u00e0nh ti\u1ebfng H\u00e0n, tr\u00ecnh \u0111\u1ed9 \u0111\u1ea1i h\u1ecdc, h\u1ec7 ch\u00ednh quy t\u1eadp trung. Khoa Ng\u00f4n ng\u1eef &amp; V\u0103n h\u00f3a H\u00e0n Qu\u1ed1c, tr\u01b0\u1eddng \u0110\u1ea1i h\u1ecdc Ngo\u1ea1i ng\u1eef &#8211; \u0110\u1ea1i h\u1ecdc \u0110\u00e0 N\u1eb5ng v\u00e0 ng\u00e0nh \u0111\u00e3 ti\u1ebfn h\u00e0nh tuy\u1ec3n sinh kh\u00f3a \u0111\u1ea7u ti\u00ean v\u00e0o th\u00e1ng 9\/2005 v\u1edbi s\u1ed1 l\u01b0\u1ee3ng l\u00e0 25 sinh vi\u00ean.<\/p>\n\n\n\n<p>Ban \u0111\u1ea7u, Khoa Ng\u00f4n ng\u1eef v\u00e0 V\u0103n h\u00f3a H\u00e0n Qu\u1ed1c ch\u1ec9 l\u00e0 m\u1ed9t T\u1ed5 b\u1ed9 m\u00f4n thu\u1ed9c khoa Trung &#8211; Nh\u1eadt, v\u00e0 t\u1eeb th\u00e1ng 11\/2007 T\u1ed5 ti\u1ebfng H\u00e0n l\u00e0 m\u1ed9t ph\u00e2n khoa c\u1ee7a Khoa Ti\u1ebfng Nh\u1eadt &#8211; H\u00e0n &#8211; Th\u00e1i. Tr\u1ea3i qua qu\u00e1 tr\u00ecnh ph\u1ea5n \u0111\u1ea5u v\u00e0 ph\u00e1t tri\u1ec3n, th\u00e1ng 10\/2021, T\u1ed5 ti\u1ebfng H\u00e0n ch\u00ednh th\u1ee9c t\u00e1ch kh\u1ecfi Khoa ti\u1ebfng Nh\u1eadt &#8211; H\u00e0n &#8211; Th\u00e1i \u0111\u1ec3 tr\u1edf th\u00e0nh m\u1ed9t Khoa \u0111\u1ed9c l\u1eadp v\u1edbi t\u00ean g\u1ecdi Khoa Ng\u00f4n ng\u1eef &amp; V\u0103n h\u00f3a H\u00e0n Qu\u1ed1c. Trong 18 n\u0103m qua,&nbsp; quy m\u00f4 tuy\u1ec3n sinh v\u00e0 \u0111\u00e0o t\u1ea1o c\u1ee7a Khoa ng\u00e0y c\u00e0ng t\u0103ng. Ch\u1ea5t l\u01b0\u1ee3ng \u0111\u1ea7u v\u00e0o c\u1ee7a ng\u00e0nh lu\u00f4n n\u1eb1m trong top \u0111\u1ea7u c\u1ee7a Nh\u00e0 tr\u01b0\u1eddng v\u00e0 c\u00f3 th\u1ee9 h\u1ea1ng cao trong c\u00e1c ng\u00e0nh ng\u00f4n ng\u1eef H\u00e0n Qu\u1ed1c tr\u00ean c\u1ea3 n\u01b0\u1edbc. Hi\u1ec7n t\u1ea1i s\u1ed1 l\u01b0\u1ee3ng gi\u1ea3ng vi\u00ean v\u00e0 c\u00e1n b\u1ed9 trong Khoa bao g\u1ed3m 16 th\u00e0nh vi\u00ean. Trong \u0111\u00f3 c\u00f3 2 ti\u1ebfn s\u0129, 2 nghi\u00ean c\u1ee9u sinh \u0111ang h\u1ecdc t\u1eadp \u1edf n\u01b0\u1edbc ngo\u00e0i v\u00e0 1 nghi\u00ean c\u1ee9u sinh \u0111ang h\u1ecdc t\u1eadp trong n\u01b0\u1edbc, 10 th\u1ea1c s\u0129 v\u00e0 1 c\u1eed nh\u00e2n \u0110\u1ea1i h\u1ecdc.<\/p>\n\n\n\n<p>Ch\u1ea5t l\u01b0\u1ee3ng gi\u00e1o d\u1ee5c lu\u00f4n l\u00e0 m\u1ee5c ti\u00eau h\u00e0ng \u0111\u1ea7u c\u1ee7a Khoa Ng\u00f4n ng\u1eef v\u00e0 v\u0103n h\u00f3a H\u00e0n Qu\u1ed1c. Trong su\u1ed1t 4 n\u0103m \u0110\u1ea1i h\u1ecdc, ngo\u00e0i vi\u1ec7c r\u00e8n luy\u1ec7n 4 k\u0129 n\u0103ng nghe, n\u00f3i, \u0111\u1ecdc, vi\u1ebft; sinh vi\u00ean c\u00f2n \u0111\u01b0\u1ee3c h\u1ecdc th\u00eam c\u00e1c m\u00f4n nh\u01b0&nbsp; : V\u0103n h\u00f3a v\u0103n minh H\u00e0n Qu\u1ed1c, Ng\u1eef \u00e2m h\u1ecdc, V\u0103n h\u1ecdc H\u00e0n Qu\u1ed1c&#8230; \u0111\u1ec3 b\u1ed5 tr\u1ee3 th\u00eam ki\u1ebfn th\u1ee9c v\u1ec1 ng\u00f4n ng\u1eef c\u0169ng nh\u01b0 v\u0103n h\u00f3a H\u00e0n m\u1ed9t c\u00e1ch to\u00e0n di\u1ec7n h\u01a1n. H\u01a1n th\u1ebf n\u1eefa, \u0111\u1ec3 sinh vi\u00ean c\u00f3 th\u00eam nhi\u1ec1u c\u01a1 h\u1ed9i \u0111\u01b0\u1ee3c ti\u1ebfp x\u00fac, giao l\u01b0u v\u1edbi c\u00e1c sinh vi\u00ean, gi\u00e1o vi\u00ean ng\u01b0\u1eddi H\u00e0n v\u00e0 c\u00f3 c\u01a1 h\u1ed9i du h\u1ecdc trao \u0111\u1ed5i \u1edf c\u00e1c tr\u01b0\u1eddng \u0111\u1ea1i h\u1ecdc \u1edf H\u00e0n Qu\u1ed1c. \u0110HNN \u0111\u00e3 ti\u1ebfn h\u00e0nh k\u00ed k\u1ebft h\u1ee3p t\u00e1c v\u1edbi r\u1ea5t nhi\u1ec1u c\u00e1c tr\u01b0\u1eddng \u0110\u1ea1i h\u1ecdc c\u1ee7a H\u00e0n Qu\u1ed1c nh\u01b0 Kookmin, Myongji, Chung Ang&#8230; v\u00e0 cho \u0111\u1ebfn b\u00e2y gi\u1edd, s\u1ef1 h\u1ee3p t\u00e1c \u0111\u00f3 v\u1eabn \u0111\u01b0\u1ee3c duy tr\u00ec, ph\u00e1t tri\u1ec3n t\u1ed1t \u0111\u1eb9p. H\u1eb1ng n\u0103m, c\u00e1c \u0111o\u00e0n sinh vi\u00ean c\u1ee7a tr\u01b0\u1eddng Kookmin, Kyungin, Songkunghoe&#8230; \u0111\u00e3 \u0111\u1ebfn Vi\u1ec7t Nam v\u00e0 c\u00f9ng c\u00e1c sinh vi\u00ean c\u1ee7a Khoa Ng\u00f4n ng\u1eef v\u00e0 V\u0103n h\u00f3a H\u00e0n Qu\u1ed1c tham gia c\u00e1c kh\u00f3a h\u1ecdc, c\u00e1c chuy\u1ebfn \u0111i\u1ec1u tra th\u1ef1c t\u1ebf c\u0169ng nh\u01b0 c\u00e1c ch\u01b0\u01a1ng tr\u00ecnh t\u00ecnh nguy\u1ec7n v\u00ec c\u1ed9ng \u0111\u1ed3ng. V\u00e0 c\u0169ng c\u00f3 nhi\u1ec1u b\u1ea1n sinh vi\u00ean c\u1ee7a ng\u00e0nh ti\u1ebfng H\u00e0n \u0111\u00e3 \u0111\u01b0\u1ee3c tham gia c\u00e1c ch\u01b0\u01a1ng tr\u00ecnh trao \u0111\u1ed5i ng\u1eafn h\u1ea1n v\u00e0 d\u00e0i h\u1ea1n \u1edf c\u00e1c tr\u01b0\u1eddng \u0110\u1ea1i h\u1ecdc nh\u01b0 Kookmin hay l\u00e0 tr\u01b0\u1eddng Myongji.<\/p>\n\n\n\n<p>Nh\u1edd s\u1ef1 k\u1ebft n\u1ed1i v\u00e0 h\u1ee3p t\u00e1c t\u00edch c\u1ef1c t\u1eeb Khoa v\u00e0 Nh\u00e0 tr\u01b0\u1eddng, sinh vi\u00ean Khoa Ng\u00f4n ng\u1eef v\u00e0 V\u0103n h\u00f3a H\u00e0n Qu\u1ed1c lu\u00f4n c\u00f3 nhi\u1ec1u c\u01a1 h\u1ed9i \u0111\u1ec3 \u0111\u01b0\u1ee3c \u0111i th\u1ef1c t\u1eadp, ki\u1ebfn t\u1eadp, tham quan th\u1ef1c t\u1ebf \u1edf c\u00e1c c\u00f4ng ty, t\u1eadp \u0111o\u00e0n, doanh nghi\u1ec7p l\u1edbn c\u1ee7a H\u00e0n Qu\u1ed1c nh\u01b0 Samsung, LG , Doosan, Ng\u00e2n h\u00e0ng Woori\u2026 &nbsp;<\/p>\n\n\n\n<p><strong>II. \u0110\u1ed8I NG\u0168 GI\u1ea2NG VI\u00caN\/CHUY\u00caN VI\u00caN:<\/strong><\/p>\n\n\n\n<figure class=\"wp-block-table\"><table><tbody><tr><td class=\"has-text-align-center\" data-align=\"center\"><strong>STT<\/strong><\/td><td class=\"has-text-align-center\" data-align=\"center\"><strong>H\u1ecc T\u00caN GI\u1ea2NG VI\u00caN<\/strong><\/td><td class=\"has-text-align-center\" data-align=\"center\"><strong>GHI CH\u00da<\/strong><\/td><\/tr><tr><td class=\"has-text-align-center\" data-align=\"center\">1<\/td><td class=\"has-text-align-center\" data-align=\"center\">TS. Tr\u1ea7n Th\u1ecb Lan Anh<\/td><td class=\"has-text-align-center\" data-align=\"center\">Gi\u1ea3ng vi\u00ean c\u01a1 h\u1eefu<\/td><\/tr><tr><td class=\"has-text-align-center\" data-align=\"center\">2<\/td><td class=\"has-text-align-center\" data-align=\"center\">TS. Nguy\u1ec5n Ng\u1ecdc Tuy\u1ec1n<\/td><td class=\"has-text-align-center\" data-align=\"center\">Gi\u1ea3ng vi\u00ean c\u01a1 h\u1eefu<\/td><\/tr><tr><td class=\"has-text-align-center\" data-align=\"center\">3<\/td><td class=\"has-text-align-center\" data-align=\"center\">ThS. Ho\u00e0ng Phan Thanh Nga<\/td><td class=\"has-text-align-center\" data-align=\"center\">Gi\u1ea3ng vi\u00ean c\u01a1 h\u1eefu<\/td><\/tr><tr><td class=\"has-text-align-center\" data-align=\"center\">4<\/td><td class=\"has-text-align-center\" data-align=\"center\">ThS. \u0110\u1ed7 Th\u1ecb Qu\u1ef3nh Hoa<\/td><td class=\"has-text-align-center\" data-align=\"center\">Gi\u1ea3ng vi\u00ean c\u01a1 h\u1eefu<\/td><\/tr><tr><td class=\"has-text-align-center\" data-align=\"center\">5<\/td><td class=\"has-text-align-center\" data-align=\"center\">ThS. Nguy\u1ec5n Th\u1ecb Ph\u01b0\u01a1ng Thu<\/td><td class=\"has-text-align-center\" data-align=\"center\">Gi\u1ea3ng vi\u00ean c\u01a1 h\u1eefu<\/td><\/tr><tr><td class=\"has-text-align-center\" data-align=\"center\">6<\/td><td class=\"has-text-align-center\" data-align=\"center\">ThS. B\u00f9i Th\u1ecb H\u1ed3ng Tr\u00e2m<\/td><td class=\"has-text-align-center\" data-align=\"center\">Gi\u1ea3ng vi\u00ean c\u01a1 h\u1eefu<\/td><\/tr><tr><td class=\"has-text-align-center\" data-align=\"center\">7<\/td><td class=\"has-text-align-center\" data-align=\"center\">ThS. Nguy\u1ec5n Th\u1ecb B\u00ecnh S\u01a1n<\/td><td class=\"has-text-align-center\" data-align=\"center\">Gi\u1ea3ng vi\u00ean c\u01a1 h\u1eefu<\/td><\/tr><tr><td class=\"has-text-align-center\" data-align=\"center\">8<\/td><td class=\"has-text-align-center\" data-align=\"center\">ThS. Kh\u01b0\u01a1ng Di\u1ec7u My<\/td><td class=\"has-text-align-center\" data-align=\"center\">Gi\u1ea3ng vi\u00ean c\u01a1 h\u1eefu<\/td><\/tr><tr><td class=\"has-text-align-center\" data-align=\"center\">9<\/td><td class=\"has-text-align-center\" data-align=\"center\">ThS. B\u00f9i T\u1ed1 Qu\u1ef3nh Trang<\/td><td class=\"has-text-align-center\" data-align=\"center\">Gi\u1ea3ng vi\u00ean c\u01a1 h\u1eefu<\/td><\/tr><tr><td class=\"has-text-align-center\" data-align=\"center\">10<\/td><td class=\"has-text-align-center\" data-align=\"center\">ThS. Phan Th\u1ecb Th\u1ee7y Ti\u00ean<\/td><td class=\"has-text-align-center\" data-align=\"center\">Gi\u1ea3ng vi\u00ean c\u01a1 h\u1eefu<\/td><\/tr><tr><td class=\"has-text-align-center\" data-align=\"center\">11<\/td><td class=\"has-text-align-center\" data-align=\"center\">ThS. Ho\u00e0ng Th\u1ecb T\u1ed1 Uy\u00ean<\/td><td class=\"has-text-align-center\" data-align=\"center\">Gi\u1ea3ng vi\u00ean c\u01a1 h\u1eefu<\/td><\/tr><tr><td class=\"has-text-align-center\" data-align=\"center\">12<\/td><td class=\"has-text-align-center\" data-align=\"center\">ThS. Ng\u00f4 Tr\u1ea7n Vi\u1ec7t Trinh<\/td><td class=\"has-text-align-center\" data-align=\"center\">Gi\u1ea3ng vi\u00ean c\u01a1 h\u1eefu<\/td><\/tr><tr><td class=\"has-text-align-center\" data-align=\"center\">13<\/td><td class=\"has-text-align-center\" data-align=\"center\">ThS. Nguy\u1ec5n Th\u1ecb Thanh Tr\u00fac<\/td><td class=\"has-text-align-center\" data-align=\"center\">Gi\u1ea3ng vi\u00ean c\u01a1 h\u1eefu<\/td><\/tr><tr><td class=\"has-text-align-center\" data-align=\"center\">14<\/td><td class=\"has-text-align-center\" data-align=\"center\">ThS. L\u00ea Th\u1ecb Y\u1ebfn Thu<\/td><td class=\"has-text-align-center\" data-align=\"center\">Gi\u1ea3ng vi\u00ean t\u1eadp s\u1ef1<\/td><\/tr><tr><td class=\"has-text-align-center\" data-align=\"center\">15<\/td><td class=\"has-text-align-center\" data-align=\"center\">ThS. L\u00ea Ph\u1ea1m Qu\u1ef3nh Tr\u00e2m<\/td><td class=\"has-text-align-center\" data-align=\"center\">Gi\u00e1o v\u1ee5<\/td><\/tr><\/tbody><\/table><\/figure>\n","protected":false},"excerpt":{"rendered":"<p>T\u1ed4NG QUAN Th\u00f4ng tin li\u00ean h\u1ec7:&nbsp; V\u0103n ph\u00f2ng:&nbsp;131 L\u01b0\u01a1ng Nh\u1eef H\u1ed9c&nbsp;&#8211; Qu\u1eadn C\u1ea9m L\u1ec7&nbsp;&#8211; Tp.&nbsp;\u0110\u00e0 N\u1eb5ng&nbsp; \u0110i\u1ec7n tho\u1ea1i:\u00a0(+84). 236.\u00a0 3699334<\/p>\n","protected":false},"author":1,"featured_media":0,"parent":0,"menu_order":0,"comment_status":"closed","ping_status":"closed","template":"","meta":{"footnotes":""},"_links":{"self":[{"href":"https:\/\/nnvhhanquoc.ufl.udn.vn\/index.php?rest_route=\/wp\/v2\/pages\/741"}],"collection":[{"href":"https:\/\/nnvhhanquoc.ufl.udn.vn\/index.php?rest_route=\/wp\/v2\/pages"}],"about":[{"href":"https:\/\/nnvhhanquoc.ufl.udn.vn\/index.php?rest_route=\/wp\/v2\/types\/page"}],"author":[{"embeddable":true,"href":"https:\/\/nnvhhanquoc.ufl.udn.vn\/index.php?rest_route=\/wp\/v2\/users\/1"}],"replies":[{"embeddable":true,"href":"https:\/\/nnvhhanquoc.ufl.udn.vn\/index.php?rest_route=%2Fwp%2Fv2%2Fcomments&post=741"}],"version-history":[{"count":11,"href":"https:\/\/nnvhhanquoc.ufl.udn.vn\/index.php?rest_route=\/wp\/v2\/pages\/741\/revisions"}],"predecessor-version":[{"id":2446,"href":"https:\/\/nnvhhanquoc.ufl.udn.vn\/index.php?rest_route=\/wp\/v2\/pages\/741\/revisions\/2446"}],"wp:attachment":[{"href":"https:\/\/nnvhhanquoc.ufl.udn.vn\/index.php?rest_route=%2Fwp%2Fv2%2Fmedia&parent=741"}],"curies":[{"name":"wp","href":"https:\/\/api.w.org\/{rel}","templated":true}]}}